{"id":893,"date":"2021-04-19T15:44:53","date_gmt":"2021-04-19T18:44:53","guid":{"rendered":"http:\/\/saaenep.com.br\/new\/?page_id=893"},"modified":"2021-09-23T16:51:00","modified_gmt":"2021-09-23T19:51:00","slug":"alteracao-cadastral","status":"publish","type":"page","link":"https:\/\/saaenep.com.br\/new\/index.php\/alteracao-cadastral\/","title":{"rendered":"Altera\u00e7\u00e3o Cadastral"},"content":{"rendered":"\n<ul class=\"has-background wp-block-list\" style=\"background-color:#0eb599\"><li><strong>O QUE \u00c9?<\/strong><\/li><\/ul>\n\n\n\n<p>A altera\u00e7\u00e3o cadastral consiste na modifica\u00e7\u00e3o do respons\u00e1vel legal de um determinado im\u00f3vel\/unidade consumidora. S\u00e3o respons\u00e1veis tanto o usu\u00e1rio quanto o propriet\u00e1rio da unidade.<\/p>\n\n\n\n<p>Nos casos de mudan\u00e7a de resid\u00eancia, altera\u00e7\u00e3o de propriedade, e aluguel residencial ou comercial \u00e9 importante realizar a altera\u00e7\u00e3o cadastral, pois manter as informa\u00e7\u00f5es cadastrais atualizadas facilita a comunica\u00e7\u00e3o com o SAAE e permite o acesso a processos e servi\u00e7os que somente o usu\u00e1rio e propriet\u00e1rio podem solicitar.<\/p>\n\n\n\n<ul class=\"has-background wp-block-list\" style=\"background-color:#0eb599\"><li><strong>QUEM PODE REQUERER?<\/strong><\/li><\/ul>\n\n\n\n<p>Propriet\u00e1rio, usu\u00e1rio do im\u00f3vel ou terceiro interessado.<\/p>\n\n\n\n<ul class=\"has-background wp-block-list\" style=\"background-color:#0eb599\"><li><strong>REQUISITO:<\/strong><\/li><\/ul>\n\n\n\n<p>1. Aus\u00eancia de d\u00e9bitos;<\/p>\n\n\n\n<p>2. Comprova\u00e7\u00e3o de v\u00ednculo com o im\u00f3vel.<\/p>\n\n\n\n<ul class=\"has-background wp-block-list\" style=\"background-color:#0eb599\"><li><strong>DOCUMENTOS NECESS\u00c1RIOS:<\/strong><\/li><\/ul>\n\n\n\n<p>1. Identifica\u00e7\u00e3o do usu\u00e1rio:<\/p>\n\n\n\n<p><strong>&#8211; Se pessoa f\u00edsica:<\/strong><\/p>\n\n\n\n<ul class=\"wp-block-list\"><li>CPF + Documento de identifica\u00e7\u00e3o pessoal (RG ou outro documento oficial com foto)<\/li><\/ul>\n\n\n\n<p><strong>&#8211; Se pessoa jur\u00eddica:<\/strong><\/p>\n\n\n\n<ul class=\"wp-block-list\"><li>CNPJ;<\/li><\/ul>\n\n\n\n<ul class=\"wp-block-list\"><li>Documento relativo \u00e0 constitui\u00e7\u00e3o (um dos documentos a seguir): contrato social ou \u00faltima altera\u00e7\u00e3o contratual ou estatuto social ou Certificado da Condi\u00e7\u00e3o de Microempreendedor Individual (CCMEI) ou conven\u00e7\u00e3o do condom\u00ednio + ata de nomea\u00e7\u00e3o do s\u00edndico ou ato constitutivo da entidade religiosa + ata de elei\u00e7\u00e3o da atual diretoria;<\/li><\/ul>\n\n\n\n<ul class=\"wp-block-list\"><li>Do s\u00f3cio ou s\u00edndico: CPF + Documento de identifica\u00e7\u00e3o pessoal (RG ou outro documento oficial com foto);<\/li><\/ul>\n\n\n\n<ul class=\"wp-block-list\"><li>Do representante legal: Procura\u00e7\u00e3o com poderes espec\u00edficos + CPF + Documento de identifica\u00e7\u00e3o pessoal (RG ou outro documento oficial com foto).<\/li><\/ul>\n\n\n\n<p>2. Comprova\u00e7\u00e3o de v\u00ednculo com o im\u00f3vel: C\u00f3pia da Guia de IPTU atualizada OU Escritura P\u00fablica do Terreno OU Registro do Im\u00f3vel OU Contrato de Promessa de Compra e Venda com firmas registradas em cart\u00f3rio OU Contrato de Loca\u00e7\u00e3o com firmas registradas em cart\u00f3rio OU declara\u00e7\u00e3o de resid\u00eancia OU autoriza\u00e7\u00e3o espec\u00edfica assinada pelo propriet\u00e1rio do im\u00f3vel com firma registrada em cart\u00f3rio.<\/p>\n\n\n\n<p><em><strong>Obs. 1:<\/strong> Todos esses documentos dever\u00e3o estar acompanhados dos seus respectivos originais, possibilitando ao atendente do SAAE atestar a autenticidade da c\u00f3pia simples apresentada, nos termos da Lei n\u00ba 13.726\/2018.<\/em><\/p>\n\n\n\n<p><em><strong>Obs.2:<\/strong> O reconhecimento de firma em cart\u00f3rio poder\u00e1 ser substitu\u00eddo pela apresenta\u00e7\u00e3o dos originais dos documentos de identifica\u00e7\u00e3o pessoal com foto dos signat\u00e1rios dos documentos apresentados, de modo a permitir que o atendente do SAAE ateste a veracidade das assinaturas apresentadas, nos termos da Lei n\u00ba 13.726\/2018.<\/em><\/p>\n\n\n\n<p><em><strong>Obs.3:<\/strong> A apresenta\u00e7\u00e3o de c\u00f3pias de documentos autenticadas em cart\u00f3rio equivale \u00e0 apresenta\u00e7\u00e3o dos originais.<\/em><\/p>\n\n\n\n<ul class=\"has-background wp-block-list\" style=\"background-color:#0eb599\"><li><strong>PROCEDIMENTO:<\/strong><\/li><\/ul>\n\n\n\n<p>Comparecimento presencial ao SAAE para apresenta\u00e7\u00e3o de documentos e assinatura do requerimento.<\/p>\n","protected":false},"excerpt":{"rendered":"<p>O QUE \u00c9? A altera\u00e7\u00e3o cadastral consiste na modifica\u00e7\u00e3o do respons\u00e1vel legal de um determinado im\u00f3vel\/unidade consumidora. S\u00e3o respons\u00e1veis tanto o usu\u00e1rio quanto o propriet\u00e1rio da unidade. Nos casos de mudan\u00e7a de resid\u00eancia, altera\u00e7\u00e3o de propriedade, e aluguel residencial ou comercial \u00e9 importante realizar a altera\u00e7\u00e3o cadastral, pois manter as informa\u00e7\u00f5es cadastrais atualizadas facilita a comunica\u00e7\u00e3o com o SAAE e [&hellip;]<\/p>\n","protected":false},"author":1,"featured_media":0,"parent":0,"menu_order":0,"comment_status":"closed","ping_status":"closed","template":"","meta":{"footnotes":""},"class_list":["post-893","page","type-page","status-publish","hentry"],"_links":{"self":[{"href":"https:\/\/saaenep.com.br\/new\/index.php\/wp-json\/wp\/v2\/pages\/893","targetHints":{"allow":["GET"]}}],"collection":[{"href":"https:\/\/saaenep.com.br\/new\/index.php\/wp-json\/wp\/v2\/pages"}],"about":[{"href":"https:\/\/saaenep.com.br\/new\/index.php\/wp-json\/wp\/v2\/types\/page"}],"author":[{"embeddable":true,"href":"https:\/\/saaenep.com.br\/new\/index.php\/wp-json\/wp\/v2\/users\/1"}],"replies":[{"embeddable":true,"href":"https:\/\/saaenep.com.br\/new\/index.php\/wp-json\/wp\/v2\/comments?post=893"}],"version-history":[{"count":12,"href":"https:\/\/saaenep.com.br\/new\/index.php\/wp-json\/wp\/v2\/pages\/893\/revisions"}],"predecessor-version":[{"id":1713,"href":"https:\/\/saaenep.com.br\/new\/index.php\/wp-json\/wp\/v2\/pages\/893\/revisions\/1713"}],"wp:attachment":[{"href":"https:\/\/saaenep.com.br\/new\/index.php\/wp-json\/wp\/v2\/media?parent=893"}],"curies":[{"name":"wp","href":"https:\/\/api.w.org\/{rel}","templated":true}]}}