{"id":891,"date":"2021-04-19T15:44:30","date_gmt":"2021-04-19T18:44:30","guid":{"rendered":"http:\/\/saaenep.com.br\/new\/?page_id=891"},"modified":"2021-05-26T12:36:42","modified_gmt":"2021-05-26T15:36:42","slug":"parcelamento-de-debitos","status":"publish","type":"page","link":"https:\/\/saaenep.com.br\/new\/index.php\/parcelamento-de-debitos\/","title":{"rendered":"Parcelamento de D\u00e9bitos"},"content":{"rendered":"\n<ul class=\"has-background wp-block-list\" style=\"background-color:#0eb599\"><li><strong>QUEM PODE REQUERER?<\/strong><\/li><\/ul>\n\n\n\n<p>Propriet\u00e1rio do im\u00f3vel.<\/p>\n\n\n\n<ul class=\"has-background wp-block-list\" style=\"background-color:#0eb599\"><li><strong>DOCUMENTOS NECESS\u00c1RIOS:<\/strong><\/li><\/ul>\n\n\n\n<p>1. Documento de identifica\u00e7\u00e3o pessoal.<\/p>\n\n\n\n<p><strong>&#8211; Se pessoa f\u00edsica:<\/strong><\/p>\n\n\n\n<ul class=\"wp-block-list\"><li>CPF + Documento de identifica\u00e7\u00e3o pessoal (RG ou outro documento oficial com foto)<\/li><\/ul>\n\n\n\n<p><strong>&#8211; Se pessoa jur\u00eddica:<\/strong><\/p>\n\n\n\n<ul class=\"wp-block-list\"><li>CNPJ;<\/li><\/ul>\n\n\n\n<ul class=\"wp-block-list\"><li>Documento relativo \u00e0 constitui\u00e7\u00e3o (um dos documentos a seguir): contrato social ou \u00faltima altera\u00e7\u00e3o contratual ou estatuto social ou Certificado da Condi\u00e7\u00e3o de Microempreendedor Individual (CCMEI) ou conven\u00e7\u00e3o do condom\u00ednio + ata de nomea\u00e7\u00e3o do s\u00edndico ou ato constitutivo da entidade religiosa + ata de elei\u00e7\u00e3o da atual diretoria;<\/li><\/ul>\n\n\n\n<ul class=\"wp-block-list\"><li>Do s\u00f3cio ou s\u00edndico: CPF + Documento de identifica\u00e7\u00e3o pessoal (RG ou outro documento oficial com foto);<\/li><\/ul>\n\n\n\n<ul class=\"wp-block-list\"><li>Do representante legal: Procura\u00e7\u00e3o com poderes espec\u00edficos + CPF + Documento de identifica\u00e7\u00e3o pessoal (RG ou outro documento oficial com foto).<\/li><\/ul>\n\n\n\n<ul class=\"has-background wp-block-list\" style=\"background-color:#0eb599\"><li><strong>PROCEDIMENTO:<\/strong><\/li><\/ul>\n\n\n\n<p>Comparecimento presencial ao SAAE para apresenta\u00e7\u00e3o de documentos e assinatura do requerimento de parcelamento.<\/p>\n","protected":false},"excerpt":{"rendered":"<p>QUEM PODE REQUERER? Propriet\u00e1rio do im\u00f3vel. DOCUMENTOS NECESS\u00c1RIOS: 1. Documento de identifica\u00e7\u00e3o pessoal. &#8211; Se pessoa f\u00edsica: CPF + Documento de identifica\u00e7\u00e3o pessoal (RG ou outro documento oficial com foto) &#8211; Se pessoa jur\u00eddica: CNPJ; Documento relativo \u00e0 constitui\u00e7\u00e3o (um dos documentos a seguir): contrato social ou \u00faltima altera\u00e7\u00e3o contratual ou estatuto social ou Certificado da Condi\u00e7\u00e3o de Microempreendedor Individual [&hellip;]<\/p>\n","protected":false},"author":1,"featured_media":0,"parent":0,"menu_order":0,"comment_status":"closed","ping_status":"closed","template":"","meta":{"footnotes":""},"class_list":["post-891","page","type-page","status-publish","hentry"],"_links":{"self":[{"href":"https:\/\/saaenep.com.br\/new\/index.php\/wp-json\/wp\/v2\/pages\/891","targetHints":{"allow":["GET"]}}],"collection":[{"href":"https:\/\/saaenep.com.br\/new\/index.php\/wp-json\/wp\/v2\/pages"}],"about":[{"href":"https:\/\/saaenep.com.br\/new\/index.php\/wp-json\/wp\/v2\/types\/page"}],"author":[{"embeddable":true,"href":"https:\/\/saaenep.com.br\/new\/index.php\/wp-json\/wp\/v2\/users\/1"}],"replies":[{"embeddable":true,"href":"https:\/\/saaenep.com.br\/new\/index.php\/wp-json\/wp\/v2\/comments?post=891"}],"version-history":[{"count":7,"href":"https:\/\/saaenep.com.br\/new\/index.php\/wp-json\/wp\/v2\/pages\/891\/revisions"}],"predecessor-version":[{"id":1552,"href":"https:\/\/saaenep.com.br\/new\/index.php\/wp-json\/wp\/v2\/pages\/891\/revisions\/1552"}],"wp:attachment":[{"href":"https:\/\/saaenep.com.br\/new\/index.php\/wp-json\/wp\/v2\/media?parent=891"}],"curies":[{"name":"wp","href":"https:\/\/api.w.org\/{rel}","templated":true}]}}