{"id":884,"date":"2021-04-19T15:42:32","date_gmt":"2021-04-19T18:42:32","guid":{"rendered":"http:\/\/saaenep.com.br\/new\/?page_id=884"},"modified":"2021-05-14T16:34:08","modified_gmt":"2021-05-14T19:34:08","slug":"certidao-negativa","status":"publish","type":"page","link":"https:\/\/saaenep.com.br\/new\/index.php\/certidao-negativa\/","title":{"rendered":"Certid\u00e3o Negativa"},"content":{"rendered":"\n<ul class=\"has-background wp-block-list\" style=\"background-color:#0eb599\"><li><strong>O QUE \u00c9?<\/strong><\/li><\/ul>\n\n\n\n<p>A certid\u00e3o negativa de d\u00e9bitos \u00e9 o documento que atesta a inexist\u00eancia de d\u00e9bitos de um im\u00f3vel perante o SAAE Nepomuceno. Possui validade de noventa dias.<\/p>\n\n\n\n<ul class=\"has-background wp-block-list\" style=\"background-color:#0eb599\"><li><strong>REQUISITO:<\/strong><\/li><\/ul>\n\n\n\n<p>&nbsp;Aus\u00eancia de d\u00e9bitos vencidos.<\/p>\n\n\n\n<ul class=\"has-background wp-block-list\" style=\"background-color:#0eb599\"><li><strong>PROCEDIMENTO:<\/strong><\/li><\/ul>\n\n\n\n<p>&nbsp;&nbsp;&nbsp;&nbsp;&nbsp;&nbsp;&nbsp;&nbsp;&nbsp;&nbsp;&nbsp; 1. Para im\u00f3veis em que j\u00e1 existe liga\u00e7\u00e3o de \u00e1gua e esgoto:<\/p>\n\n\n\n<p>A certid\u00e3o negativa de d\u00e9bitos de im\u00f3veis onde j\u00e1 existe liga\u00e7\u00e3o de \u00e1gua e esgoto pode ser retirada pelo site do SAAE ou presencialmente:<\/p>\n\n\n\n<p><strong>On-line:<\/strong> Para acessar a certid\u00e3o negativa de forma <em>on-line<\/em>, basta que o usu\u00e1rio entre no site do SAAE, escolha a op\u00e7\u00e3o \u201ccertid\u00e3o negativa\u201d e insira o seu ID eletr\u00f4nico no campo correspondente. Automaticamente, ser\u00e1 dado acesso \u00e0 \u00e1rea do usu\u00e1rio, onde estar\u00e1 dispon\u00edvel a op\u00e7\u00e3o para que seja gerada a certid\u00e3o negativa. Esse servi\u00e7o \u00e9 gratuito.<\/p>\n\n\n\n<p><strong>Presencial<\/strong>: Para requerer a certid\u00e3o negativa presencialmente, basta dirigir-se \u00e0 sede do SAAE e informar o endere\u00e7o completo do im\u00f3vel. Na aus\u00eancia de d\u00e9bitos pendentes, ser\u00e1 emitida guia para pagamento da taxa de emiss\u00e3o da certid\u00e3o. Realizado o pagamento do boleto, a certid\u00e3o negativa ser\u00e1 fornecida imediatamente. Caso o usu\u00e1rio realize o pagamento da taxa de forma simult\u00e2nea \u00e0 quita\u00e7\u00e3o de outros d\u00e9bitos pendentes, a certid\u00e3o ser\u00e1&nbsp; gerada em 1 dia \u00fatil ap\u00f3s o pagamento.<\/p>\n\n\n\n<p>&nbsp;&nbsp;&nbsp;&nbsp;&nbsp;&nbsp;&nbsp;&nbsp;&nbsp;&nbsp;&nbsp; 2. Im\u00f3vel em que n\u00e3o existe liga\u00e7\u00e3o de \u00e1gua e esgoto:<\/p>\n\n\n\n<p>Para emiss\u00e3o de certid\u00e3o negativa de im\u00f3veis em que n\u00e3o existe qualquer liga\u00e7\u00e3o de \u00e1gua ou esgoto \u00e9 necess\u00e1rio que o requerente compare\u00e7a a um posto de atendimento presencial do SAAE e apresente a c\u00f3pia do registro do im\u00f3vel. Ser\u00e1 gerado uma guia referente \u00e0 presta\u00e7\u00e3o desse servi\u00e7o. Realizado o pagamento do boleto, a certid\u00e3o negativa ser\u00e1 fornecida em um dia \u00fatil.<\/p>\n","protected":false},"excerpt":{"rendered":"<p>O QUE \u00c9? A certid\u00e3o negativa de d\u00e9bitos \u00e9 o documento que atesta a inexist\u00eancia de d\u00e9bitos de um im\u00f3vel perante o SAAE Nepomuceno. Possui validade de noventa dias. REQUISITO: &nbsp;Aus\u00eancia de d\u00e9bitos vencidos. PROCEDIMENTO: &nbsp;&nbsp;&nbsp;&nbsp;&nbsp;&nbsp;&nbsp;&nbsp;&nbsp;&nbsp;&nbsp; 1. Para im\u00f3veis em que j\u00e1 existe liga\u00e7\u00e3o de \u00e1gua e esgoto: A certid\u00e3o negativa de d\u00e9bitos de im\u00f3veis onde j\u00e1 existe liga\u00e7\u00e3o de [&hellip;]<\/p>\n","protected":false},"author":1,"featured_media":0,"parent":0,"menu_order":0,"comment_status":"closed","ping_status":"closed","template":"","meta":{"footnotes":""},"class_list":["post-884","page","type-page","status-publish","hentry"],"_links":{"self":[{"href":"https:\/\/saaenep.com.br\/new\/index.php\/wp-json\/wp\/v2\/pages\/884","targetHints":{"allow":["GET"]}}],"collection":[{"href":"https:\/\/saaenep.com.br\/new\/index.php\/wp-json\/wp\/v2\/pages"}],"about":[{"href":"https:\/\/saaenep.com.br\/new\/index.php\/wp-json\/wp\/v2\/types\/page"}],"author":[{"embeddable":true,"href":"https:\/\/saaenep.com.br\/new\/index.php\/wp-json\/wp\/v2\/users\/1"}],"replies":[{"embeddable":true,"href":"https:\/\/saaenep.com.br\/new\/index.php\/wp-json\/wp\/v2\/comments?post=884"}],"version-history":[{"count":14,"href":"https:\/\/saaenep.com.br\/new\/index.php\/wp-json\/wp\/v2\/pages\/884\/revisions"}],"predecessor-version":[{"id":1498,"href":"https:\/\/saaenep.com.br\/new\/index.php\/wp-json\/wp\/v2\/pages\/884\/revisions\/1498"}],"wp:attachment":[{"href":"https:\/\/saaenep.com.br\/new\/index.php\/wp-json\/wp\/v2\/media?parent=884"}],"curies":[{"name":"wp","href":"https:\/\/api.w.org\/{rel}","templated":true}]}}