{"id":398,"date":"2021-04-09T11:26:35","date_gmt":"2021-04-09T14:26:35","guid":{"rendered":"http:\/\/saaenep.com.br\/new\/?page_id=398"},"modified":"2021-09-01T15:13:11","modified_gmt":"2021-09-01T18:13:11","slug":"ouvidoria","status":"publish","type":"page","link":"https:\/\/saaenep.com.br\/new\/index.php\/ouvidoria\/","title":{"rendered":"Ouvidoria"},"content":{"rendered":"\n<p>A ouvidoria \u00e9 o canal de di\u00e1logo, entendimento e atendimento por meio do qual os usu\u00e1rios do SAAE podem manifestar suas insatisfa\u00e7\u00f5es e dificuldades com a Autarquia, recebendo a devida avalia\u00e7\u00e3o e solu\u00e7\u00e3o para as quest\u00f5es expostas.<strong><br><br><\/strong>Se a sua solicita\u00e7\u00e3o n\u00e3o foi solucionada no prazo informado ou n\u00e3o foi atendida de uma forma completa e satisfat\u00f3ria, se deseja encaminhar uma cr\u00edtica, sugest\u00e3o, elogio ou den\u00fancia relacionada aos servi\u00e7os prestados pelo SAAE Nepomuceno, acesse a Ouvidoria SAAE por meio do telefone 0800 &#8211; 283 &#8211; 2066 ou preenchendo o formul\u00e1rio abaixo:<\/p>\n\n\n\n<p class=\"has-text-align-center has-background\" style=\"background-color:#0eb599;font-size:20px\"><strong>ESCOLHA UMA IDENTIFICA\u00c7\u00c3O<\/strong><\/p>\n\n\n\n<div class=\"wp-block-columns is-layout-flex wp-container-core-columns-is-layout-9d6595d7 wp-block-columns-is-layout-flex\">\n<div class=\"wp-block-column is-layout-flow wp-block-column-is-layout-flow\">\n<p class=\"has-text-align-center has-text-color has-background\" style=\"background-color:#0f426f;color:#fafeff;font-size:18px\">N\u00c3O IDENTIFICADO (AN\u00d4NIMO)<\/p>\n\n\n\n<p class=\"has-text-align-center\">As manifesta\u00e7\u00f5es registradas de maneira an\u00f4nima s\u00e3o consideradas &#8220;Comunica\u00e7\u00f5es&#8221; e n\u00e3o \u00e9 poss\u00edvel o seu acompanhamento. Caso deseje acompanhar o andamento da sua manifesta\u00e7\u00e3o e receber uma resposta do SAAE Nepomuceno, por favor identifique-se.<\/p>\n\n\n\n<div class=\"wp-block-buttons is-content-justification-center is-layout-flex wp-block-buttons-is-layout-flex\">\n<div class=\"wp-block-button is-style-outline is-style-outline--1\"><a class=\"wp-block-button__link\" href=\"http:\/\/saaenep.com.br\/new\/index.php\/ouvidoria\/formulario-ouvidoria-anonimo\">CONTINUAR SEM ME IDENTIFICAR<\/a><\/div>\n<\/div>\n\n\n\n<div style=\"height:50px\" aria-hidden=\"true\" class=\"wp-block-spacer\"><\/div>\n<\/div>\n\n\n\n<div class=\"wp-block-column is-layout-flow wp-block-column-is-layout-flow\">\n<p class=\"has-text-align-center has-text-color has-background\" style=\"background-color:#0f426f;color:#fafeff;font-size:18px\">COM IDENTIFICA\u00c7\u00c3O<\/p>\n\n\n\n<p class=\"has-text-align-center\">As manifesta\u00e7\u00f5es registradas identificadas podem ser mantidas em sigilo se necess\u00e1rio. Voc\u00ea poder\u00e1 acompanhar o andamento da sua manifesta\u00e7\u00e3o e receber uma resposta do SAAE Nepomuceno.<\/p>\n\n\n\n<div style=\"height:20px\" aria-hidden=\"true\" class=\"wp-block-spacer\"><\/div>\n\n\n\n<div class=\"wp-block-buttons alignwide is-content-justification-center is-layout-flex wp-block-buttons-is-layout-flex\">\n<div class=\"wp-block-button is-style-outline is-style-outline--2\"><a class=\"wp-block-button__link\" href=\"http:\/\/saaenep.com.br\/new\/index.php\/ouvidoria\/formulario-ouvidoria\">CONTINUAR COM IDENTIFICA\u00c7\u00c3O<\/a><\/div>\n<\/div>\n<\/div>\n<\/div>\n","protected":false},"excerpt":{"rendered":"<p>A ouvidoria \u00e9 o canal de di\u00e1logo, entendimento e atendimento por meio do qual os usu\u00e1rios do SAAE podem manifestar suas insatisfa\u00e7\u00f5es e dificuldades com a Autarquia, recebendo a devida avalia\u00e7\u00e3o e solu\u00e7\u00e3o para as quest\u00f5es expostas. Se a sua solicita\u00e7\u00e3o n\u00e3o foi solucionada no prazo informado ou n\u00e3o foi atendida de uma forma completa e satisfat\u00f3ria, se deseja encaminhar [&hellip;]<\/p>\n","protected":false},"author":1,"featured_media":0,"parent":0,"menu_order":0,"comment_status":"closed","ping_status":"closed","template":"","meta":{"footnotes":""},"class_list":["post-398","page","type-page","status-publish","hentry"],"_links":{"self":[{"href":"https:\/\/saaenep.com.br\/new\/index.php\/wp-json\/wp\/v2\/pages\/398","targetHints":{"allow":["GET"]}}],"collection":[{"href":"https:\/\/saaenep.com.br\/new\/index.php\/wp-json\/wp\/v2\/pages"}],"about":[{"href":"https:\/\/saaenep.com.br\/new\/index.php\/wp-json\/wp\/v2\/types\/page"}],"author":[{"embeddable":true,"href":"https:\/\/saaenep.com.br\/new\/index.php\/wp-json\/wp\/v2\/users\/1"}],"replies":[{"embeddable":true,"href":"https:\/\/saaenep.com.br\/new\/index.php\/wp-json\/wp\/v2\/comments?post=398"}],"version-history":[{"count":34,"href":"https:\/\/saaenep.com.br\/new\/index.php\/wp-json\/wp\/v2\/pages\/398\/revisions"}],"predecessor-version":[{"id":1691,"href":"https:\/\/saaenep.com.br\/new\/index.php\/wp-json\/wp\/v2\/pages\/398\/revisions\/1691"}],"wp:attachment":[{"href":"https:\/\/saaenep.com.br\/new\/index.php\/wp-json\/wp\/v2\/media?parent=398"}],"curies":[{"name":"wp","href":"https:\/\/api.w.org\/{rel}","templated":true}]}}