{"id":199,"date":"2021-04-04T17:29:55","date_gmt":"2021-04-04T20:29:55","guid":{"rendered":"http:\/\/saaenep.com.br\/new\/?page_id=199"},"modified":"2024-01-02T14:56:26","modified_gmt":"2024-01-02T17:56:26","slug":"administracao","status":"publish","type":"page","link":"https:\/\/saaenep.com.br\/new\/index.php\/administracao\/","title":{"rendered":"Administra\u00e7\u00e3o"},"content":{"rendered":"\n<p class=\"has-text-align-center has-background\" style=\"background-color:#d4e4f2;font-size:20px\"><strong>Diretor Geral<\/strong>: Saulo Sales Barbosa<\/p>\n\n\n\n<p class=\"has-text-align-center has-background\" style=\"background-color:#d4e4f2;font-size:20px\"><strong>Controlador Interno<\/strong>: Pablo Luiz Brand\u00e3o Oliveira<\/p>\n\n\n\n<p class=\"has-text-align-center has-background\" style=\"background-color:#d4e4f2;font-size:20px\"><strong>Assessor Jur\u00eddico<\/strong>: Jos\u00e9 Adriano Rodrigues<\/p>\n\n\n\n<p class=\"has-text-align-center has-background\" style=\"background-color:#d4e4f2;font-size:20px\"><strong>Chefe do Departamento Administrativo<\/strong>: Cl\u00e1udio Andrade Pedroso<\/p>\n\n\n\n<p class=\"has-text-align-center has-background\" style=\"background-color:#d4e4f2;font-size:20px\"><strong>Chefe do Departamento Comercial<\/strong>: Regina Assunta Ribeiro<\/p>\n\n\n\n<p class=\"has-text-align-center has-background\" style=\"background-color:#d4e4f2;font-size:20px\"><strong>Chefe do Departamento T\u00e9cnico Operacional<\/strong>: Marco Ant\u00f4nio Cordeiro Neves<\/p>\n\n\n\n<p class=\"has-text-align-center has-background\" style=\"background-color:#d4e4f2;font-size:20px\"><strong>Chefe do Setor de Redes e Ramais de \u00c1gua e Esgoto<\/strong>: Dimas Sebasti\u00e3o Guedes<\/p>\n\n\n<div class=\"wp-block-image is-style-default\">\n<figure class=\"aligncenter size-full\"><img fetchpriority=\"high\" decoding=\"async\" width=\"2560\" height=\"1920\" src=\"http:\/\/saaenep.com.br\/new\/wp-content\/uploads\/2021\/04\/ORGANOGRAMA-scaled.jpg\" alt=\"\" class=\"wp-image-1066\" srcset=\"https:\/\/saaenep.com.br\/new\/wp-content\/uploads\/2021\/04\/ORGANOGRAMA-scaled.jpg 2560w, https:\/\/saaenep.com.br\/new\/wp-content\/uploads\/2021\/04\/ORGANOGRAMA-scaled-600x450.jpg 600w, https:\/\/saaenep.com.br\/new\/wp-content\/uploads\/2021\/04\/ORGANOGRAMA-300x225.jpg 300w, https:\/\/saaenep.com.br\/new\/wp-content\/uploads\/2021\/04\/ORGANOGRAMA-1024x768.jpg 1024w, https:\/\/saaenep.com.br\/new\/wp-content\/uploads\/2021\/04\/ORGANOGRAMA-768x576.jpg 768w, https:\/\/saaenep.com.br\/new\/wp-content\/uploads\/2021\/04\/ORGANOGRAMA-1536x1152.jpg 1536w, https:\/\/saaenep.com.br\/new\/wp-content\/uploads\/2021\/04\/ORGANOGRAMA-2048x1536.jpg 2048w, https:\/\/saaenep.com.br\/new\/wp-content\/uploads\/2021\/04\/ORGANOGRAMA-80x60.jpg 80w\" sizes=\"(max-width: 2560px) 100vw, 2560px\" \/><\/figure>\n<\/div>","protected":false},"excerpt":{"rendered":"<p>Diretor Geral: Saulo Sales Barbosa Controlador Interno: Pablo Luiz Brand\u00e3o Oliveira Assessor Jur\u00eddico: Jos\u00e9 Adriano Rodrigues Chefe do Departamento Administrativo: Cl\u00e1udio Andrade Pedroso Chefe do Departamento Comercial: Regina Assunta Ribeiro Chefe do Departamento T\u00e9cnico Operacional: Marco Ant\u00f4nio Cordeiro Neves Chefe do Setor de Redes e Ramais de \u00c1gua e Esgoto: Dimas Sebasti\u00e3o Guedes<\/p>\n","protected":false},"author":1,"featured_media":0,"parent":0,"menu_order":0,"comment_status":"closed","ping_status":"closed","template":"","meta":{"footnotes":""},"class_list":["post-199","page","type-page","status-publish","hentry"],"_links":{"self":[{"href":"https:\/\/saaenep.com.br\/new\/index.php\/wp-json\/wp\/v2\/pages\/199","targetHints":{"allow":["GET"]}}],"collection":[{"href":"https:\/\/saaenep.com.br\/new\/index.php\/wp-json\/wp\/v2\/pages"}],"about":[{"href":"https:\/\/saaenep.com.br\/new\/index.php\/wp-json\/wp\/v2\/types\/page"}],"author":[{"embeddable":true,"href":"https:\/\/saaenep.com.br\/new\/index.php\/wp-json\/wp\/v2\/users\/1"}],"replies":[{"embeddable":true,"href":"https:\/\/saaenep.com.br\/new\/index.php\/wp-json\/wp\/v2\/comments?post=199"}],"version-history":[{"count":15,"href":"https:\/\/saaenep.com.br\/new\/index.php\/wp-json\/wp\/v2\/pages\/199\/revisions"}],"predecessor-version":[{"id":3712,"href":"https:\/\/saaenep.com.br\/new\/index.php\/wp-json\/wp\/v2\/pages\/199\/revisions\/3712"}],"wp:attachment":[{"href":"https:\/\/saaenep.com.br\/new\/index.php\/wp-json\/wp\/v2\/media?parent=199"}],"curies":[{"name":"wp","href":"https:\/\/api.w.org\/{rel}","templated":true}]}}