{"id":186,"date":"2021-04-04T17:24:11","date_gmt":"2021-04-04T20:24:11","guid":{"rendered":"http:\/\/saaenep.com.br\/new\/?page_id=186"},"modified":"2021-05-11T11:48:59","modified_gmt":"2021-05-11T14:48:59","slug":"saae","status":"publish","type":"page","link":"https:\/\/saaenep.com.br\/new\/index.php\/saae\/","title":{"rendered":"SAAE"},"content":{"rendered":"\n<div class=\"wp-block-columns is-layout-flex wp-container-core-columns-is-layout-9d6595d7 wp-block-columns-is-layout-flex\">\n<div class=\"wp-block-column is-layout-flow wp-block-column-is-layout-flow\">\n<p class=\"has-text-align-center has-text-color has-background\" style=\"background-color:#0f426f;color:#fefefe;font-size:22px\"><strong><a href=\"http:\/\/saaenep.com.br\/new\/index.php\/administracao\/\">ADMINISTRA\u00c7\u00c3O<\/a><\/strong><\/p>\n\n\n\n<p class=\"has-text-align-center has-text-color has-background\" style=\"background-color:#0f426f;color:#fefefe;font-size:22px\"><strong><a href=\"http:\/\/saaenep.com.br\/new\/index.php\/historia\/\">HIST\u00d3RIA<\/a><\/strong><\/p>\n\n\n\n<p class=\"has-text-align-center has-text-color has-background\" style=\"background-color:#0f426f;color:#fefefe;font-size:22px\"><strong><a href=\"http:\/\/saaenep.com.br\/new\/index.php\/concursos\/\">CONCURSOS<\/a><\/strong><\/p>\n\n\n\n<p class=\"has-text-align-center has-text-color has-background\" style=\"background-color:#0f426f;color:#fefefe;font-size:22px\"><strong><a href=\"http:\/\/saaenep.com.br\/new\/index.php\/legislacao\/\">LEGISLA\u00c7\u00c3O<\/a><\/strong><\/p>\n\n\n\n<p class=\"has-text-align-center has-text-color has-background\" style=\"background-color:#0f426f;color:#fefefe;font-size:22px\"><strong><a href=\"http:\/\/saaenep.com.br\/new\/index.php\/intranet\/\">INTRANET<\/a><\/strong><\/p>\n<\/div>\n<\/div>\n","protected":false},"excerpt":{"rendered":"<p>ADMINISTRA\u00c7\u00c3O HIST\u00d3RIA CONCURSOS LEGISLA\u00c7\u00c3O INTRANET<\/p>\n","protected":false},"author":1,"featured_media":0,"parent":0,"menu_order":0,"comment_status":"closed","ping_status":"closed","template":"","meta":{"footnotes":""},"class_list":["post-186","page","type-page","status-publish","hentry"],"_links":{"self":[{"href":"https:\/\/saaenep.com.br\/new\/index.php\/wp-json\/wp\/v2\/pages\/186","targetHints":{"allow":["GET"]}}],"collection":[{"href":"https:\/\/saaenep.com.br\/new\/index.php\/wp-json\/wp\/v2\/pages"}],"about":[{"href":"https:\/\/saaenep.com.br\/new\/index.php\/wp-json\/wp\/v2\/types\/page"}],"author":[{"embeddable":true,"href":"https:\/\/saaenep.com.br\/new\/index.php\/wp-json\/wp\/v2\/users\/1"}],"replies":[{"embeddable":true,"href":"https:\/\/saaenep.com.br\/new\/index.php\/wp-json\/wp\/v2\/comments?post=186"}],"version-history":[{"count":13,"href":"https:\/\/saaenep.com.br\/new\/index.php\/wp-json\/wp\/v2\/pages\/186\/revisions"}],"predecessor-version":[{"id":751,"href":"https:\/\/saaenep.com.br\/new\/index.php\/wp-json\/wp\/v2\/pages\/186\/revisions\/751"}],"wp:attachment":[{"href":"https:\/\/saaenep.com.br\/new\/index.php\/wp-json\/wp\/v2\/media?parent=186"}],"curies":[{"name":"wp","href":"https:\/\/api.w.org\/{rel}","templated":true}]}}