{"id":180,"date":"2021-04-04T17:23:05","date_gmt":"2021-04-04T20:23:05","guid":{"rendered":"http:\/\/saaenep.com.br\/new\/?page_id=180"},"modified":"2024-03-04T18:24:42","modified_gmt":"2024-03-04T21:24:42","slug":"tarifas","status":"publish","type":"page","link":"https:\/\/saaenep.com.br\/new\/index.php\/tarifas\/","title":{"rendered":"Tarifas"},"content":{"rendered":"\n<p>As tarifas sobre os servi\u00e7os p\u00fablicos de saneamento b\u00e1sico oferecidos pelo SAAE de Nepomuceno refletem o custo da presta\u00e7\u00e3o destes servi\u00e7os, contemplando a opera\u00e7\u00e3o dos sistemas, a manuten\u00e7\u00e3o das estruturas e os investimentos necess\u00e1rios para garantir a quantidade e a qualidade necess\u00e1rias para atender as demandas da popula\u00e7\u00e3o nepomucenense.<\/p>\n\n\n\n<p>Como o SAAE \u00e9 uma Autarquia Municipal, esse possui carga tribut\u00e1ria menor que as outras empresas de saneamento b\u00e1sico e n\u00e3o visa lucro. Assim, \u00e9 poss\u00edvel oferecer tarifas menores para a popula\u00e7\u00e3o, e todos os valores arrecadados com a presta\u00e7\u00e3o do servi\u00e7o s\u00e3o utilizados para custear a presta\u00e7\u00e3o do servi\u00e7o e reinvestidos para a presta\u00e7\u00e3o do servi\u00e7o p\u00fablico de \u00e1gua e esgoto de Nepomuceno.<\/p>\n\n\n\n<p class=\"has-text-align-center\" style=\"font-size:30px\"><strong>RESOLU\u00c7\u00c3O DC N\u00ba 011, DE 29 DE FEVEREIRO DE 2024<\/strong><\/p>\n\n\n\n<p>Disp\u00f5e sobre a atualiza\u00e7\u00e3o das tarifas de abastecimento de \u00e1gua, esgotamento sanit\u00e1rio e outros pre\u00e7os p\u00fablicos do SAAE de Nepomuceno\/MG. <\/p>\n\n\n\n<p>O DIRETOR GERAL DA ARISMIG, no uso de suas atribui\u00e7\u00f5es, notadamente a prevista no art. 11, par\u00e1grafo \u00fanico do Estatuto Social da Ag\u00eancia Reguladora Intermunicipal de Saneamento de Minas Gerais (ARISMIG), considerando a compet\u00eancia da Diretoria Colegiada, tal como estabelecida no art. 23-A, IV do mesmo Estatuto, segundo o qual compete \u00e0 Diretoria Colegiada \u201cdeliberar sobre a fixa\u00e7\u00e3o, revis\u00e3o e reajuste dos valores de tarifas e de sugest\u00f5es de valores de taxas e sobre a recomposi\u00e7\u00e3o do equil\u00edbrio econ\u00f4mico-financeiro dos contratos firmados pelos servi\u00e7os de saneamento b\u00e1sico, delegados pelos munic\u00edpios regulados\u201d, considerando as diretrizes e a metodologia estabelecida na Resolu\u00e7\u00e3o n\u00b0 013, de 2022, considerando a observ\u00e2ncia ao disposto na Resolu\u00e7\u00e3o n\u00ba 011, de 2022, considerando as solicita\u00e7\u00f5es contidas no Of\u00edcio n\u00ba 002, oriundos do SAAE do Munic\u00edpio de Nepomuceno\/MG, considerando todos os documentos apresentados e constantes no processo respectivo, inclusive a Nota T\u00e9cnica n\u00ba 001\/2024 e o Parecer T\u00e9cnico n\u00b0 002\/2024, elaborados pela equipe t\u00e9cnica da ARISMIG, e considerando a reuni\u00e3o de delibera\u00e7\u00e3o dos membros da Diretoria Colegiada, realizada em 28 de fevereiro de 2024,<\/p>\n\n\n\n<p><strong>RESOLVE:<\/strong><\/p>\n\n\n\n<p>Art. 1\u00ba Ficam automaticamente aplic\u00e1veis ao SAAE de Nepomuceno\/MG os novos valores das tarifas dos servi\u00e7os de \u00e1gua e esgoto, conforme tabela a seguir, em decorr\u00eancia da atualiza\u00e7\u00e3o inflacion\u00e1ria referente \u00e0 Cesta de \u00cdndices, no percentual de 4,30% (quatro inteiros e trinta cent\u00e9simos por cento), conforme previsto na \u201cNota T\u00e9cnica N\u00ba 001\/2024: atualiza\u00e7\u00e3o das tarifas dos servi\u00e7os de abastecimento de \u00e1gua e esgotamento sanit\u00e1rio do SAAE do Munic\u00edpio de Nepomuceno\/MG\u201d, observando-se o disposto no art. 39, caput, da Lei Federal n\u00ba 11.445, de 2007, ou seja, poder\u00e3o ser aplicados no primeiro faturamento que ocorrer ap\u00f3s 30 (trinta) dias da publica\u00e7\u00e3o desta Resolu\u00e7\u00e3o:<\/p>\n\n\n<div class=\"wp-block-image\">\n<figure class=\"aligncenter size-full\"><img fetchpriority=\"high\" decoding=\"async\" width=\"753\" height=\"550\" src=\"https:\/\/saaenep.com.br\/new\/wp-content\/uploads\/2024\/03\/TAB_SAAE-2024-01.png\" alt=\"\" class=\"wp-image-3881\" srcset=\"https:\/\/saaenep.com.br\/new\/wp-content\/uploads\/2024\/03\/TAB_SAAE-2024-01.png 753w, https:\/\/saaenep.com.br\/new\/wp-content\/uploads\/2024\/03\/TAB_SAAE-2024-01-600x438.png 600w, https:\/\/saaenep.com.br\/new\/wp-content\/uploads\/2024\/03\/TAB_SAAE-2024-01-300x219.png 300w\" sizes=\"(max-width: 753px) 100vw, 753px\" \/><\/figure>\n<\/div>\n\n<div class=\"wp-block-image\">\n<figure class=\"aligncenter size-full\"><img decoding=\"async\" width=\"754\" height=\"563\" src=\"https:\/\/saaenep.com.br\/new\/wp-content\/uploads\/2024\/03\/TAB_SAAE-2024-02.png\" alt=\"\" class=\"wp-image-3882\" srcset=\"https:\/\/saaenep.com.br\/new\/wp-content\/uploads\/2024\/03\/TAB_SAAE-2024-02.png 754w, https:\/\/saaenep.com.br\/new\/wp-content\/uploads\/2024\/03\/TAB_SAAE-2024-02-600x448.png 600w, https:\/\/saaenep.com.br\/new\/wp-content\/uploads\/2024\/03\/TAB_SAAE-2024-02-300x224.png 300w, https:\/\/saaenep.com.br\/new\/wp-content\/uploads\/2024\/03\/TAB_SAAE-2024-02-80x60.png 80w\" sizes=\"(max-width: 754px) 100vw, 754px\" \/><\/figure>\n<\/div>\n\n<div class=\"wp-block-image\">\n<figure class=\"aligncenter size-full\"><img decoding=\"async\" width=\"781\" height=\"557\" src=\"https:\/\/saaenep.com.br\/new\/wp-content\/uploads\/2024\/03\/TAB_SAAE-2024-03.png\" alt=\"\" class=\"wp-image-3883\" srcset=\"https:\/\/saaenep.com.br\/new\/wp-content\/uploads\/2024\/03\/TAB_SAAE-2024-03.png 781w, https:\/\/saaenep.com.br\/new\/wp-content\/uploads\/2024\/03\/TAB_SAAE-2024-03-600x428.png 600w, https:\/\/saaenep.com.br\/new\/wp-content\/uploads\/2024\/03\/TAB_SAAE-2024-03-300x214.png 300w, https:\/\/saaenep.com.br\/new\/wp-content\/uploads\/2024\/03\/TAB_SAAE-2024-03-768x548.png 768w, https:\/\/saaenep.com.br\/new\/wp-content\/uploads\/2024\/03\/TAB_SAAE-2024-03-420x300.png 420w\" sizes=\"(max-width: 781px) 100vw, 781px\" \/><\/figure>\n<\/div>\n\n\n<p>Par\u00e1grafo \u00fanico. A tarifa de esgotamento sanit\u00e1rio corresponde a 30% (trinta inteiros por cento) da tarifa de consumo de \u00e1gua, aplic\u00e1vel a todas as categorias, exceto<br>no Distrito. <\/p>\n\n\n\n<p>Art. 2\u00b0 Ficam automaticamente aplic\u00e1veis ao SAAE de Nepomuceno\/MG os novos valores dos outros pre\u00e7os p\u00fablicos, apresentados nas tabelas a seguir, conforme<br>previsto na \u201cNota T\u00e9cnica N\u00ba 001\/2024: atualiza\u00e7\u00e3o das tarifas dos servi\u00e7os de abastecimento de \u00e1gua e esgotamento sanit\u00e1rio do SAAE do Munic\u00edpio de<br>Nepomuceno\/MG\u201d, observando-se o disposto no art. 39, caput, da Lei Federal n\u00ba 11.445, de 2007, ou seja, poder\u00e3o ser aplicados no primeiro faturamento que ocorrer ap\u00f3s 30 (trinta) dias da publica\u00e7\u00e3o desta Resolu\u00e7\u00e3o:<\/p>\n\n\n<div class=\"wp-block-image\">\n<figure class=\"aligncenter size-full\"><img loading=\"lazy\" decoding=\"async\" width=\"471\" height=\"626\" src=\"https:\/\/saaenep.com.br\/new\/wp-content\/uploads\/2024\/03\/TAB_SAAE-2024-04.png\" alt=\"\" class=\"wp-image-3885\" srcset=\"https:\/\/saaenep.com.br\/new\/wp-content\/uploads\/2024\/03\/TAB_SAAE-2024-04.png 471w, https:\/\/saaenep.com.br\/new\/wp-content\/uploads\/2024\/03\/TAB_SAAE-2024-04-226x300.png 226w\" sizes=\"(max-width: 471px) 100vw, 471px\" \/><\/figure>\n<\/div>\n\n\n<p class=\"has-text-align-center\">Art. 3\u00ba Esta Resolu\u00e7\u00e3o entra em vigor na data de sua publica\u00e7\u00e3o.<br>Boa Esperan\u00e7a, 29 de fevereiro de 2024.<br><strong>ADRIANO COSTA REIS JUNIOR<\/strong><br>Diretor Geral<\/p>\n\n\n\n<div style=\"height:20px\" aria-hidden=\"true\" class=\"wp-block-spacer\"><\/div>\n\n\n\n<p><\/p>\n","protected":false},"excerpt":{"rendered":"<p>As tarifas sobre os servi\u00e7os p\u00fablicos de saneamento b\u00e1sico oferecidos pelo SAAE de Nepomuceno refletem o custo da presta\u00e7\u00e3o destes servi\u00e7os, contemplando a opera\u00e7\u00e3o dos sistemas, a manuten\u00e7\u00e3o das estruturas e os investimentos necess\u00e1rios para garantir a quantidade e a qualidade necess\u00e1rias para atender as demandas da popula\u00e7\u00e3o nepomucenense. Como o SAAE \u00e9 uma Autarquia Municipal, esse possui carga tribut\u00e1ria [&hellip;]<\/p>\n","protected":false},"author":1,"featured_media":0,"parent":0,"menu_order":0,"comment_status":"closed","ping_status":"closed","template":"","meta":{"footnotes":""},"class_list":["post-180","page","type-page","status-publish","hentry"],"_links":{"self":[{"href":"https:\/\/saaenep.com.br\/new\/index.php\/wp-json\/wp\/v2\/pages\/180","targetHints":{"allow":["GET"]}}],"collection":[{"href":"https:\/\/saaenep.com.br\/new\/index.php\/wp-json\/wp\/v2\/pages"}],"about":[{"href":"https:\/\/saaenep.com.br\/new\/index.php\/wp-json\/wp\/v2\/types\/page"}],"author":[{"embeddable":true,"href":"https:\/\/saaenep.com.br\/new\/index.php\/wp-json\/wp\/v2\/users\/1"}],"replies":[{"embeddable":true,"href":"https:\/\/saaenep.com.br\/new\/index.php\/wp-json\/wp\/v2\/comments?post=180"}],"version-history":[{"count":47,"href":"https:\/\/saaenep.com.br\/new\/index.php\/wp-json\/wp\/v2\/pages\/180\/revisions"}],"predecessor-version":[{"id":3888,"href":"https:\/\/saaenep.com.br\/new\/index.php\/wp-json\/wp\/v2\/pages\/180\/revisions\/3888"}],"wp:attachment":[{"href":"https:\/\/saaenep.com.br\/new\/index.php\/wp-json\/wp\/v2\/media?parent=180"}],"curies":[{"name":"wp","href":"https:\/\/api.w.org\/{rel}","templated":true}]}}