{"id":177,"date":"2021-04-04T17:22:50","date_gmt":"2021-04-04T20:22:50","guid":{"rendered":"http:\/\/saaenep.com.br\/new\/?page_id=177"},"modified":"2021-05-26T12:32:49","modified_gmt":"2021-05-26T15:32:49","slug":"religacao","status":"publish","type":"page","link":"https:\/\/saaenep.com.br\/new\/index.php\/religacao\/","title":{"rendered":"Desliga\u00e7\u00e3o e Religa\u00e7\u00e3o"},"content":{"rendered":"\n<p class=\"has-text-color has-background\" style=\"background-color:#0f426f;color:#ffffff;font-size:25px\"><strong>RELIGA\u00c7\u00c3O A PEDIDO<\/strong><\/p>\n\n\n\n<ul class=\"has-background wp-block-list\" style=\"background-color:#0eb599\"><li><strong>QUEM PODE REQUERER?<\/strong><\/li><\/ul>\n\n\n\n<p>Propriet\u00e1rio ou usu\u00e1rio do im\u00f3vel.<\/p>\n\n\n\n<ul class=\"has-background wp-block-list\" style=\"background-color:#0eb599\"><li><strong>REQUISITO:<\/strong><\/li><\/ul>\n\n\n\n<p>Aus\u00eancia de d\u00e9bitos.<\/p>\n\n\n\n<ul class=\"has-background wp-block-list\" style=\"background-color:#0eb599\"><li><strong>DOCUMENTOS NECESS\u00c1RIOS:<\/strong><\/li><\/ul>\n\n\n\n<p>1. Documento de identifica\u00e7\u00e3o pessoal:<\/p>\n\n\n\n<p><strong>&#8211; Se pessoa f\u00edsica:<\/strong><\/p>\n\n\n\n<ul class=\"wp-block-list\"><li>CPF + Documento de identifica\u00e7\u00e3o pessoal (RG ou outro documento oficial com foto)<\/li><\/ul>\n\n\n\n<p><strong>&#8211; Se pessoa jur\u00eddica:<\/strong><\/p>\n\n\n\n<ul class=\"wp-block-list\"><li>CNPJ;<\/li><\/ul>\n\n\n\n<ul class=\"wp-block-list\"><li>Documento relativo \u00e0 constitui\u00e7\u00e3o (um dos documentos a seguir): contrato social ou \u00faltima altera\u00e7\u00e3o contratual ou estatuto social ou Certificado da Condi\u00e7\u00e3o de Microempreendedor Individual (CCMEI) ou conven\u00e7\u00e3o do condom\u00ednio + ata de nomea\u00e7\u00e3o do s\u00edndico ou ato constitutivo da entidade religiosa + ata de elei\u00e7\u00e3o da atual diretoria;<\/li><\/ul>\n\n\n\n<ul class=\"wp-block-list\"><li>Do s\u00f3cio ou s\u00edndico: CPF + Documento de identifica\u00e7\u00e3o pessoal (RG ou outro documento oficial com foto);<\/li><\/ul>\n\n\n\n<ul class=\"wp-block-list\"><li>Do representante legal: Procura\u00e7\u00e3o com poderes espec\u00edficos + CPF + Documento de identifica\u00e7\u00e3o pessoal (RG ou outro documento oficial com foto).<\/li><\/ul>\n\n\n\n<ul class=\"has-background wp-block-list\" style=\"background-color:#0eb599\"><li><strong>PROCEDIMENTO:<\/strong><\/li><\/ul>\n\n\n\n<p>Comparecimento presencial ao SAAE para apresenta\u00e7\u00e3o dos documentos, assinatura do requerimento e entrega da guia referente ao servi\u00e7o de religa\u00e7\u00e3o a pedido. Realizado o pagamento, a religa\u00e7\u00e3o ser\u00e1 realizada em at\u00e9 um dia \u00fatil.<\/p>\n\n\n\n<p class=\"has-text-color has-background\" style=\"background-color:#0f426f;color:#ffffff;font-size:25px\"><strong>RELIGA\u00c7\u00c3O POR FALTA DE PAGAMENTO<\/strong><\/p>\n\n\n\n<ul class=\"has-background wp-block-list\" style=\"background-color:#0eb599\"><li><strong>QUEM PODE REQUERER?<\/strong><\/li><\/ul>\n\n\n\n<p>Qualquer pessoa.<\/p>\n\n\n\n<ul class=\"has-background wp-block-list\" style=\"background-color:#0eb599\"><li><strong>REQUISITO:<\/strong><\/li><\/ul>\n\n\n\n<p>Quita\u00e7\u00e3o de todos os d\u00e9bitos vencidos.<\/p>\n\n\n\n<ul class=\"has-background wp-block-list\" style=\"background-color:#0eb599\"><li><strong>PROCEDIMENTO:<\/strong><\/li><\/ul>\n\n\n\n<p><strong>Presencial:<\/strong> Ciente do endere\u00e7o e nome completo do usu\u00e1rio ou propriet\u00e1rio do im\u00f3vel, o interessado dever\u00e1 comparecer ao SAAE e apresentar comprovante de pagamento de todos os d\u00e9bitos vencidos. Para atendimentos presenciais realizados at\u00e9 16:30 horas, a religa\u00e7\u00e3o por falta de pagamento ser\u00e1 realizada no mesmo dia. Para atendimentos presenciais realizados entre 16:30 e 17:00 horas, a religa\u00e7\u00e3o por falta de pagamento ser\u00e1 realizada no primeiro dia \u00fatil seguinte.<\/p>\n\n\n\n<p><strong>On-line:<\/strong> Envio de foto leg\u00edvel do comprovante de pagamento para o whatsapp do SAAE acompanhado de endere\u00e7o e nome do usu\u00e1rio ou propriet\u00e1rio do im\u00f3vel. Para atendimentos <em>online<\/em> finalizados at\u00e9 16:30 horas, a religa\u00e7\u00e3o por falta de pagamento ser\u00e1 realizada no mesmo dia. Para atendimentos virtuais encerrados entre 16:30 e 17:00 horas, a religa\u00e7\u00e3o por falta de pagamento ser\u00e1 realizada no primeiro dia \u00fatil seguinte.<\/p>\n\n\n\n<p class=\"has-text-color has-background\" style=\"background-color:#0f426f;color:#ffffff;font-size:25px\"><strong>DESLIGA\u00c7\u00c3O A PEDIDO<\/strong><\/p>\n\n\n\n<ul class=\"has-background wp-block-list\" style=\"background-color:#0eb599\"><li><strong>QUEM PODE REQUERER?<\/strong><\/li><\/ul>\n\n\n\n<p>Propriet\u00e1rio ou usu\u00e1rio do im\u00f3vel.<\/p>\n\n\n\n<ul class=\"has-background wp-block-list\" style=\"background-color:#0eb599\"><li><strong>REQUISITOS:<\/strong><\/li><\/ul>\n\n\n\n<ol class=\"wp-block-list\" type=\"1\"><li>Aus\u00eancia de d\u00e9bitos;<\/li><li>Inexist\u00eancia de contas a vencer e a faturar.<\/li><\/ol>\n\n\n\n<ul class=\"has-background wp-block-list\" style=\"background-color:#0eb599\"><li><strong>DOCUMENTOS NECESS\u00c1RIOS:<\/strong><\/li><\/ul>\n\n\n\n<p>1. Foto ou leitura atualizada do hidr\u00f4metro;<\/p>\n\n\n\n<p>2. Documento de identifica\u00e7\u00e3o pessoal:<\/p>\n\n\n\n<p><strong>&#8211; Se pessoa f\u00edsica:<\/strong><\/p>\n\n\n\n<ul class=\"wp-block-list\"><li>CPF + Documento de identifica\u00e7\u00e3o pessoal (RG ou outro documento oficial com foto)<\/li><\/ul>\n\n\n\n<p><strong>&#8211; Se pessoa jur\u00eddica:<\/strong><\/p>\n\n\n\n<ul class=\"wp-block-list\"><li>CNPJ;<\/li><\/ul>\n\n\n\n<ul class=\"wp-block-list\"><li>Documento relativo \u00e0 constitui\u00e7\u00e3o (um dos documentos a seguir): contrato social ou \u00faltima altera\u00e7\u00e3o contratual ou estatuto social ou Certificado da Condi\u00e7\u00e3o de Microempreendedor Individual (CCMEI) ou conven\u00e7\u00e3o do condom\u00ednio + ata de nomea\u00e7\u00e3o do s\u00edndico ou ato constitutivo da entidade religiosa + ata de elei\u00e7\u00e3o da atual diretoria;<\/li><\/ul>\n\n\n\n<ul class=\"wp-block-list\"><li>Do s\u00f3cio ou s\u00edndico: CPF + Documento de identifica\u00e7\u00e3o pessoal (RG ou outro documento oficial com foto);<\/li><\/ul>\n\n\n\n<ul class=\"wp-block-list\"><li>Do representante legal: Procura\u00e7\u00e3o com poderes espec\u00edficos + CPF + Documento de identifica\u00e7\u00e3o pessoal (RG ou outro documento oficial com foto).<\/li><\/ul>\n\n\n\n<ul class=\"has-background wp-block-list\" style=\"background-color:#0eb599\"><li><strong>PROCEDIMENTO:<\/strong><\/li><\/ul>\n\n\n\n<p>Comparecimento presencial ao SAAE para apresenta\u00e7\u00e3o de documentos, assinatura do requerimento de desliga\u00e7\u00e3o e entrega da guia de pagamento da presta\u00e7\u00e3o do servi\u00e7o, bem como da conta cuja leitura ser\u00e1 antecipada em raz\u00e3o do pedido de desliga\u00e7\u00e3o. Realizados ambos os pagamentos, a desliga\u00e7\u00e3o ser\u00e1 realizada em at\u00e9 um dia \u00fatil.<\/p>\n","protected":false},"excerpt":{"rendered":"<p>RELIGA\u00c7\u00c3O A PEDIDO QUEM PODE REQUERER? Propriet\u00e1rio ou usu\u00e1rio do im\u00f3vel. REQUISITO: Aus\u00eancia de d\u00e9bitos. DOCUMENTOS NECESS\u00c1RIOS: 1. Documento de identifica\u00e7\u00e3o pessoal: &#8211; Se pessoa f\u00edsica: CPF + Documento de identifica\u00e7\u00e3o pessoal (RG ou outro documento oficial com foto) &#8211; Se pessoa jur\u00eddica: CNPJ; Documento relativo \u00e0 constitui\u00e7\u00e3o (um dos documentos a seguir): contrato social ou \u00faltima altera\u00e7\u00e3o contratual ou [&hellip;]<\/p>\n","protected":false},"author":1,"featured_media":0,"parent":0,"menu_order":0,"comment_status":"closed","ping_status":"closed","template":"","meta":{"footnotes":""},"class_list":["post-177","page","type-page","status-publish","hentry"],"_links":{"self":[{"href":"https:\/\/saaenep.com.br\/new\/index.php\/wp-json\/wp\/v2\/pages\/177","targetHints":{"allow":["GET"]}}],"collection":[{"href":"https:\/\/saaenep.com.br\/new\/index.php\/wp-json\/wp\/v2\/pages"}],"about":[{"href":"https:\/\/saaenep.com.br\/new\/index.php\/wp-json\/wp\/v2\/types\/page"}],"author":[{"embeddable":true,"href":"https:\/\/saaenep.com.br\/new\/index.php\/wp-json\/wp\/v2\/users\/1"}],"replies":[{"embeddable":true,"href":"https:\/\/saaenep.com.br\/new\/index.php\/wp-json\/wp\/v2\/comments?post=177"}],"version-history":[{"count":25,"href":"https:\/\/saaenep.com.br\/new\/index.php\/wp-json\/wp\/v2\/pages\/177\/revisions"}],"predecessor-version":[{"id":1547,"href":"https:\/\/saaenep.com.br\/new\/index.php\/wp-json\/wp\/v2\/pages\/177\/revisions\/1547"}],"wp:attachment":[{"href":"https:\/\/saaenep.com.br\/new\/index.php\/wp-json\/wp\/v2\/media?parent=177"}],"curies":[{"name":"wp","href":"https:\/\/api.w.org\/{rel}","templated":true}]}}