{"id":174,"date":"2021-04-04T17:22:30","date_gmt":"2021-04-04T20:22:30","guid":{"rendered":"http:\/\/saaenep.com.br\/new\/?page_id=174"},"modified":"2021-05-26T15:17:16","modified_gmt":"2021-05-26T18:17:16","slug":"mudanca-de-padrao","status":"publish","type":"page","link":"https:\/\/saaenep.com.br\/new\/index.php\/mudanca-de-padrao\/","title":{"rendered":"Mudan\u00e7a de Padr\u00e3o"},"content":{"rendered":"\n<ul class=\"has-background wp-block-list\" style=\"background-color:#0eb599\"><li><strong>QUEM PODE REQUERER?<\/strong><\/li><\/ul>\n\n\n\n<p>Propriet\u00e1rio ou usu\u00e1rio do im\u00f3vel.<\/p>\n\n\n\n<ul class=\"has-background wp-block-list\" style=\"background-color:#0eb599\"><li><strong>DOCUMENTOS NECESS\u00c1RIOS:<\/strong><\/li><\/ul>\n\n\n\n<p>1. Documento de identifica\u00e7\u00e3o pessoal:<\/p>\n\n\n\n<p><strong>&#8211; Se pessoa f\u00edsica:<\/strong><\/p>\n\n\n\n<ul class=\"wp-block-list\"><li>CPF + Documento de identifica\u00e7\u00e3o pessoal (RG ou outro documento oficial com foto)<\/li><\/ul>\n\n\n\n<p><strong>&#8211; Se pessoa jur\u00eddica:<\/strong><\/p>\n\n\n\n<ul class=\"wp-block-list\"><li>CNPJ;<\/li><\/ul>\n\n\n\n<ul class=\"wp-block-list\"><li>Documento relativo \u00e0 constitui\u00e7\u00e3o (um dos documentos a seguir): contrato social ou \u00faltima altera\u00e7\u00e3o contratual ou estatuto social ou Certificado da Condi\u00e7\u00e3o de Microempreendedor Individual (CCMEI) ou conven\u00e7\u00e3o do condom\u00ednio + ata de nomea\u00e7\u00e3o do s\u00edndico ou ato constitutivo da entidade religiosa + ata de elei\u00e7\u00e3o da atual diretoria;<\/li><\/ul>\n\n\n\n<ul class=\"wp-block-list\"><li>Do s\u00f3cio ou s\u00edndico: CPF + Documento de identifica\u00e7\u00e3o pessoal (RG ou outro documento oficial com foto); 4. Do representante legal: Procura\u00e7\u00e3o com poderes espec\u00edficos + CPF + Documento de identifica\u00e7\u00e3o pessoal (RG ou outro documento oficial com foto).<\/li><\/ul>\n\n\n\n<ul class=\"has-background wp-block-list\" style=\"background-color:#0eb599\"><li><strong>PROCEDIMENTO:<\/strong><\/li><\/ul>\n\n\n\n<p>Comparecimento presencial ao SAAE para apresenta\u00e7\u00e3o de documentos, assinatura do requerimento e recebimento de instru\u00e7\u00f5es para instala\u00e7\u00e3o. A mudan\u00e7a de padr\u00e3o ser\u00e1 realizada em at\u00e9 oito dias \u00fateis, desde que o usu\u00e1rio atenda \u00e0s normas estabelecidas pelo SAAE. A tarifa do servi\u00e7o de mudan\u00e7a de padr\u00e3o ser\u00e1 cobrada na primeira conta de \u00e1gua faturada ap\u00f3s a presta\u00e7\u00e3o do servi\u00e7o.<\/p>\n\n\n\n<ul class=\"has-background wp-block-list\" style=\"background-color:#0eb599\"><li><strong>INSTRU\u00c7\u00d5ES:<\/strong><\/li><\/ul>\n\n\n\n<div class=\"wp-block-image\"><figure class=\"aligncenter size-full\"><img fetchpriority=\"high\" decoding=\"async\" width=\"541\" height=\"523\" src=\"http:\/\/saaenep.com.br\/new\/wp-content\/uploads\/2021\/05\/FOTO-instrucoes.jpg\" alt=\"\" class=\"wp-image-1561\" srcset=\"https:\/\/saaenep.com.br\/new\/wp-content\/uploads\/2021\/05\/FOTO-instrucoes.jpg 541w, https:\/\/saaenep.com.br\/new\/wp-content\/uploads\/2021\/05\/FOTO-instrucoes-300x290.jpg 300w\" sizes=\"(max-width: 541px) 100vw, 541px\" \/><\/figure><\/div>\n\n\n\n<div class=\"wp-block-columns is-layout-flex wp-container-core-columns-is-layout-9d6595d7 wp-block-columns-is-layout-flex\">\n<div class=\"wp-block-column is-layout-flow wp-block-column-is-layout-flow\" style=\"flex-basis:100%\">\n<div class=\"wp-block-columns is-layout-flex wp-container-core-columns-is-layout-9d6595d7 wp-block-columns-is-layout-flex\">\n<div class=\"wp-block-column is-layout-flow wp-block-column-is-layout-flow\">\n<figure class=\"wp-block-image size-large\"><img decoding=\"async\" width=\"583\" height=\"559\" src=\"http:\/\/saaenep.com.br\/new\/wp-content\/uploads\/2021\/05\/modelos-de-croquis-de-ligacao-Model-REVISADO-2.jpg\" alt=\"\" class=\"wp-image-1452\" srcset=\"https:\/\/saaenep.com.br\/new\/wp-content\/uploads\/2021\/05\/modelos-de-croquis-de-ligacao-Model-REVISADO-2.jpg 583w, https:\/\/saaenep.com.br\/new\/wp-content\/uploads\/2021\/05\/modelos-de-croquis-de-ligacao-Model-REVISADO-2-300x288.jpg 300w\" sizes=\"(max-width: 583px) 100vw, 583px\" \/><\/figure>\n<\/div>\n\n\n\n<div class=\"wp-block-column is-layout-flow wp-block-column-is-layout-flow\">\n<figure class=\"wp-block-image size-large\"><img decoding=\"async\" width=\"566\" height=\"277\" src=\"http:\/\/saaenep.com.br\/new\/wp-content\/uploads\/2021\/05\/modelos-de-croquis-de-ligacao-Model-REVISADO-1.jpg\" alt=\"\" class=\"wp-image-1453\" srcset=\"https:\/\/saaenep.com.br\/new\/wp-content\/uploads\/2021\/05\/modelos-de-croquis-de-ligacao-Model-REVISADO-1.jpg 566w, https:\/\/saaenep.com.br\/new\/wp-content\/uploads\/2021\/05\/modelos-de-croquis-de-ligacao-Model-REVISADO-1-300x147.jpg 300w\" sizes=\"(max-width: 566px) 100vw, 566px\" \/><\/figure>\n<\/div>\n<\/div>\n<\/div>\n<\/div>\n\n\n\n<p><\/p>\n","protected":false},"excerpt":{"rendered":"<p>QUEM PODE REQUERER? Propriet\u00e1rio ou usu\u00e1rio do im\u00f3vel. DOCUMENTOS NECESS\u00c1RIOS: 1. Documento de identifica\u00e7\u00e3o pessoal: &#8211; Se pessoa f\u00edsica: CPF + Documento de identifica\u00e7\u00e3o pessoal (RG ou outro documento oficial com foto) &#8211; Se pessoa jur\u00eddica: CNPJ; Documento relativo \u00e0 constitui\u00e7\u00e3o (um dos documentos a seguir): contrato social ou \u00faltima altera\u00e7\u00e3o contratual ou estatuto social ou Certificado da Condi\u00e7\u00e3o de [&hellip;]<\/p>\n","protected":false},"author":1,"featured_media":0,"parent":0,"menu_order":0,"comment_status":"closed","ping_status":"closed","template":"","meta":{"footnotes":""},"class_list":["post-174","page","type-page","status-publish","hentry"],"_links":{"self":[{"href":"https:\/\/saaenep.com.br\/new\/index.php\/wp-json\/wp\/v2\/pages\/174","targetHints":{"allow":["GET"]}}],"collection":[{"href":"https:\/\/saaenep.com.br\/new\/index.php\/wp-json\/wp\/v2\/pages"}],"about":[{"href":"https:\/\/saaenep.com.br\/new\/index.php\/wp-json\/wp\/v2\/types\/page"}],"author":[{"embeddable":true,"href":"https:\/\/saaenep.com.br\/new\/index.php\/wp-json\/wp\/v2\/users\/1"}],"replies":[{"embeddable":true,"href":"https:\/\/saaenep.com.br\/new\/index.php\/wp-json\/wp\/v2\/comments?post=174"}],"version-history":[{"count":21,"href":"https:\/\/saaenep.com.br\/new\/index.php\/wp-json\/wp\/v2\/pages\/174\/revisions"}],"predecessor-version":[{"id":1562,"href":"https:\/\/saaenep.com.br\/new\/index.php\/wp-json\/wp\/v2\/pages\/174\/revisions\/1562"}],"wp:attachment":[{"href":"https:\/\/saaenep.com.br\/new\/index.php\/wp-json\/wp\/v2\/media?parent=174"}],"curies":[{"name":"wp","href":"https:\/\/api.w.org\/{rel}","templated":true}]}}