{"id":168,"date":"2021-04-04T17:21:46","date_gmt":"2021-04-04T20:21:46","guid":{"rendered":"http:\/\/saaenep.com.br\/new\/?page_id=168"},"modified":"2021-05-26T15:18:41","modified_gmt":"2021-05-26T18:18:41","slug":"ligacao-de-agua","status":"publish","type":"page","link":"https:\/\/saaenep.com.br\/new\/index.php\/ligacao-de-agua\/","title":{"rendered":"Liga\u00e7\u00e3o de \u00c1gua e Esgoto"},"content":{"rendered":"\n<p class=\"has-background\" style=\"background-color:#0eb599\"><strong>DOCUMENTOS NECESS\u00c1RIOS<\/strong>:<\/p>\n\n\n\n<p>1. Aferi\u00e7\u00e3o de n\u00famero atualizada (fornecida pela Prefeitura);<\/p>\n\n\n\n<p>2. C\u00f3pia do projeto, caso seja constru\u00eddo mais de um im\u00f3vel no mesmo lote (Exemplo: casa geminada);<\/p>\n\n\n\n<p>3. Documentos de identifica\u00e7\u00e3o do propriet\u00e1rio do im\u00f3vel:<\/p>\n\n\n\n<p><strong>&#8211; Se pessoa f\u00edsica:<\/strong><\/p>\n\n\n\n<ul class=\"wp-block-list\"><li>CPF + Documento de identifica\u00e7\u00e3o pessoal (RG ou outro documento oficial com foto)<\/li><\/ul>\n\n\n\n<p><strong>&#8211; Se pessoa jur\u00eddica:<\/strong><\/p>\n\n\n\n<ul class=\"wp-block-list\"><li>CNPJ;<\/li><\/ul>\n\n\n\n<ul class=\"wp-block-list\"><li>Documento relativo \u00e0 constitui\u00e7\u00e3o (um dos documentos a seguir): contrato social ou \u00faltima altera\u00e7\u00e3o contratual ou estatuto social ou Certificado da Condi\u00e7\u00e3o de Microempreendedor Individual (CCMEI) ou conven\u00e7\u00e3o do condom\u00ednio + ata de nomea\u00e7\u00e3o do s\u00edndico ou ato constitutivo da entidade religiosa + ata de elei\u00e7\u00e3o da atual diretoria;<\/li><\/ul>\n\n\n\n<ul class=\"wp-block-list\"><li>Do s\u00f3cio ou s\u00edndico: CPF + Documento de identifica\u00e7\u00e3o pessoal (RG ou outro documento oficial com foto);<\/li><\/ul>\n\n\n\n<ul class=\"wp-block-list\"><li>Do representante legal: Procura\u00e7\u00e3o com poderes espec\u00edficos + CPF + Documento de identifica\u00e7\u00e3o pessoal (RG ou outro documento oficial com foto).<\/li><\/ul>\n\n\n\n<p class=\"has-background\" style=\"background-color:#0eb599\"><strong>PROCEDIMENTO<\/strong>:<\/p>\n\n\n\n<p>1\u00aa etapa: Comparecimento presencial ao SAAE para apresenta\u00e7\u00e3o de documentos, assinatura do requerimento e entrega do guia de pagamento referente \u00e0 primeira parcela do servi\u00e7o de liga\u00e7\u00e3o de \u00e1gua e esgoto (os demais valores ser\u00e3o cobrados nas contas de \u00e1gua faturadas ap\u00f3s realizada a liga\u00e7\u00e3o);<\/p>\n\n\n\n<p>2\u00aa etapa: A caixa de prote\u00e7\u00e3o do hidr\u00f4metro ser\u00e1 entregue ao requerente mediante a apresenta\u00e7\u00e3o do comprovante de pagamento da primeira parcela.<\/p>\n\n\n\n<p>3\u00aa etapa: Instala\u00e7\u00e3o da caixa de prote\u00e7\u00e3o do hidr\u00f4metro pelo requerente, conforme normas de instru\u00e7\u00e3o fornecidas pelo SAAE, no prazo de at\u00e9 dez dias \u00fateis;<\/p>\n\n\n\n<p>4\u00aa etapa: O requerente informa, por telefone ou presencialmente, que a caixa de prote\u00e7\u00e3o do hidr\u00f4metro foi instalada.<\/p>\n\n\n\n<p>5\u00aa etapa: O SAAE realiza a liga\u00e7\u00e3o de \u00e1gua e esgoto dentro de 15 dias \u00fateis, a contar da comunica\u00e7\u00e3o ao SAAE da instala\u00e7\u00e3o da caixa de prote\u00e7\u00e3o do hidr\u00f4metro. Os materiais utilizados ser\u00e3o cobrados na primeira conta de \u00e1gua faturada ap\u00f3s a liga\u00e7\u00e3o.<\/p>\n\n\n\n<p>Caso a instala\u00e7\u00e3o da caixa de prote\u00e7\u00e3o do hidr\u00f4metro n\u00e3o atenda \u00e0s normas de instru\u00e7\u00e3o fornecidas pelo SAAE, a liga\u00e7\u00e3o de \u00e1gua e esgoto ser\u00e1 indeferida. O requerente ser\u00e1 comunicado dessa desconformidade para que realize as altera\u00e7\u00f5es necess\u00e1rias de forma a permitir a instala\u00e7\u00e3o.<\/p>\n\n\n\n<ul class=\"has-background wp-block-list\" style=\"background-color:#0eb599\"><li><strong>INSTRU\u00c7\u00d5ES:<\/strong><\/li><\/ul>\n\n\n\n<div class=\"wp-block-image\"><figure class=\"aligncenter size-full\"><img fetchpriority=\"high\" decoding=\"async\" width=\"541\" height=\"523\" src=\"http:\/\/saaenep.com.br\/new\/wp-content\/uploads\/2021\/05\/FOTO-instrucoes.jpg\" alt=\"\" class=\"wp-image-1561\" srcset=\"https:\/\/saaenep.com.br\/new\/wp-content\/uploads\/2021\/05\/FOTO-instrucoes.jpg 541w, https:\/\/saaenep.com.br\/new\/wp-content\/uploads\/2021\/05\/FOTO-instrucoes-300x290.jpg 300w\" sizes=\"(max-width: 541px) 100vw, 541px\" \/><\/figure><\/div>\n\n\n\n<div class=\"wp-block-columns is-layout-flex wp-container-core-columns-is-layout-9d6595d7 wp-block-columns-is-layout-flex\">\n<div class=\"wp-block-column is-layout-flow wp-block-column-is-layout-flow\">\n<figure class=\"wp-block-image size-large\"><img decoding=\"async\" width=\"583\" height=\"559\" src=\"http:\/\/saaenep.com.br\/new\/wp-content\/uploads\/2021\/05\/modelos-de-croquis-de-ligacao-Model-REVISADO-2.jpg\" alt=\"\" class=\"wp-image-1452\" srcset=\"https:\/\/saaenep.com.br\/new\/wp-content\/uploads\/2021\/05\/modelos-de-croquis-de-ligacao-Model-REVISADO-2.jpg 583w, https:\/\/saaenep.com.br\/new\/wp-content\/uploads\/2021\/05\/modelos-de-croquis-de-ligacao-Model-REVISADO-2-300x288.jpg 300w\" sizes=\"(max-width: 583px) 100vw, 583px\" \/><\/figure>\n<\/div>\n\n\n\n<div class=\"wp-block-column is-layout-flow wp-block-column-is-layout-flow\">\n<figure class=\"wp-block-image size-large\"><img decoding=\"async\" width=\"566\" height=\"277\" src=\"http:\/\/saaenep.com.br\/new\/wp-content\/uploads\/2021\/05\/modelos-de-croquis-de-ligacao-Model-REVISADO-1.jpg\" alt=\"\" class=\"wp-image-1453\" srcset=\"https:\/\/saaenep.com.br\/new\/wp-content\/uploads\/2021\/05\/modelos-de-croquis-de-ligacao-Model-REVISADO-1.jpg 566w, https:\/\/saaenep.com.br\/new\/wp-content\/uploads\/2021\/05\/modelos-de-croquis-de-ligacao-Model-REVISADO-1-300x147.jpg 300w\" sizes=\"(max-width: 566px) 100vw, 566px\" \/><\/figure>\n<\/div>\n<\/div>\n\n\n\n<p><\/p>\n","protected":false},"excerpt":{"rendered":"<p>DOCUMENTOS NECESS\u00c1RIOS: 1. Aferi\u00e7\u00e3o de n\u00famero atualizada (fornecida pela Prefeitura); 2. C\u00f3pia do projeto, caso seja constru\u00eddo mais de um im\u00f3vel no mesmo lote (Exemplo: casa geminada); 3. Documentos de identifica\u00e7\u00e3o do propriet\u00e1rio do im\u00f3vel: &#8211; Se pessoa f\u00edsica: CPF + Documento de identifica\u00e7\u00e3o pessoal (RG ou outro documento oficial com foto) &#8211; Se pessoa jur\u00eddica: CNPJ; Documento relativo \u00e0 [&hellip;]<\/p>\n","protected":false},"author":1,"featured_media":0,"parent":0,"menu_order":0,"comment_status":"closed","ping_status":"closed","template":"","meta":{"footnotes":""},"class_list":["post-168","page","type-page","status-publish","hentry"],"_links":{"self":[{"href":"https:\/\/saaenep.com.br\/new\/index.php\/wp-json\/wp\/v2\/pages\/168","targetHints":{"allow":["GET"]}}],"collection":[{"href":"https:\/\/saaenep.com.br\/new\/index.php\/wp-json\/wp\/v2\/pages"}],"about":[{"href":"https:\/\/saaenep.com.br\/new\/index.php\/wp-json\/wp\/v2\/types\/page"}],"author":[{"embeddable":true,"href":"https:\/\/saaenep.com.br\/new\/index.php\/wp-json\/wp\/v2\/users\/1"}],"replies":[{"embeddable":true,"href":"https:\/\/saaenep.com.br\/new\/index.php\/wp-json\/wp\/v2\/comments?post=168"}],"version-history":[{"count":19,"href":"https:\/\/saaenep.com.br\/new\/index.php\/wp-json\/wp\/v2\/pages\/168\/revisions"}],"predecessor-version":[{"id":1563,"href":"https:\/\/saaenep.com.br\/new\/index.php\/wp-json\/wp\/v2\/pages\/168\/revisions\/1563"}],"wp:attachment":[{"href":"https:\/\/saaenep.com.br\/new\/index.php\/wp-json\/wp\/v2\/media?parent=168"}],"curies":[{"name":"wp","href":"https:\/\/api.w.org\/{rel}","templated":true}]}}