{"id":165,"date":"2021-04-04T17:21:19","date_gmt":"2021-04-04T20:21:19","guid":{"rendered":"http:\/\/saaenep.com.br\/new\/?page_id=165"},"modified":"2021-04-19T16:01:54","modified_gmt":"2021-04-19T19:01:54","slug":"servicos","status":"publish","type":"page","link":"https:\/\/saaenep.com.br\/new\/index.php\/servicos\/","title":{"rendered":"Servi\u00e7os"},"content":{"rendered":"\n<p class=\"has-text-align-center has-text-color has-background\" style=\"background-color:#0f426f;color:#fbfeff;font-size:22px\"><strong><a href=\"http:\/\/saaenep.com.br\/new\/index.php\/atendimento-on-line\/\">ATENDIMENTO ON LINE<\/a><\/strong><\/p>\n\n\n\n<p class=\"has-text-align-center has-text-color has-background\" style=\"background-color:#0f426f;color:#ffffff;font-size:22px\"><strong><a href=\"http:\/\/saaenep.com.br\/new\/index.php\/2a-via\/\">2\u00aa VIA<\/a><\/strong><\/p>\n\n\n\n<p class=\"has-text-align-center has-text-color has-background\" style=\"background-color:#0f426f;color:#fafdff;font-size:22px\"><strong><a href=\"http:\/\/saaenep.com.br\/new\/index.php\/certidao-negativa\/\">CERTID\u00c3O NEGATIVA<\/a><\/strong><\/p>\n\n\n\n<p class=\"has-text-align-center has-text-color has-background\" style=\"background-color:#0f426f;color:#f8f9fa;font-size:22px\"><a href=\"http:\/\/saaenep.com.br\/new\/index.php\/ligacao-de-agua\/\"><strong>LIGA\u00c7\u00c3O DE \u00c1GUA E ESGOTO<\/strong><\/a><\/p>\n\n\n\n<p class=\"has-text-align-center has-text-color has-background\" style=\"background-color:#0f426f;color:#f8f9fa;font-size:22px\"><a href=\"http:\/\/saaenep.com.br\/new\/index.php\/mudanca-de-padrao\/\"><strong>MUDAN\u00c7A DE PADR\u00c3O<\/strong><\/a><\/p>\n\n\n\n<p class=\"has-text-align-center has-text-color has-background\" style=\"background-color:#0f426f;color:#f8f9fa;font-size:22px\"><a href=\"http:\/\/saaenep.com.br\/new\/index.php\/religacao\/\"><strong>RELIGA\u00c7\u00c3O<\/strong><\/a><\/p>\n\n\n\n<p class=\"has-text-align-center has-text-color has-background\" style=\"background-color:#0f426f;color:#fafcfd;font-size:22px\"><strong><a href=\"http:\/\/saaenep.com.br\/new\/index.php\/revisao-de-conta\/\">REVIS\u00c3O DE CONTA<\/a><\/strong><\/p>\n\n\n\n<p class=\"has-text-align-center has-text-color has-background\" style=\"background-color:#0f426f;color:#fafeff;font-size:22px\"><strong><a href=\"http:\/\/saaenep.com.br\/new\/index.php\/parcelamento-de-debitos\/\">PARCELAMENTO DE D\u00c9BITOS<\/a><\/strong><\/p>\n\n\n\n<p class=\"has-text-align-center has-text-color has-background\" style=\"background-color:#0f426f;color:#ffffff;font-size:22px\"><strong><a href=\"http:\/\/saaenep.com.br\/new\/index.php\/alteracao-cadastral\/\">ALTERA\u00c7\u00c3O CADASTRAL<\/a><\/strong><\/p>\n\n\n\n<p class=\"has-text-align-center has-text-color has-background\" style=\"background-color:#0f426f;color:#f8f9fa;font-size:22px\"><strong><a href=\"http:\/\/saaenep.com.br\/new\/index.php\/tarifas\/\">TARIFAS<\/a><\/strong><\/p>\n\n\n\n<p class=\"has-text-align-center has-text-color has-background\" style=\"background-color:#0f426f;color:#fbfeff;font-size:22px\"><strong><a href=\"http:\/\/saaenep.com.br\/new\/index.php\/perguntas-frequentes\/\">PERGUNTAS FREQUENTES<\/a><\/strong><\/p>\n\n\n\n<p><\/p>\n","protected":false},"excerpt":{"rendered":"<p>ATENDIMENTO ON LINE 2\u00aa VIA CERTID\u00c3O NEGATIVA LIGA\u00c7\u00c3O DE \u00c1GUA E ESGOTO MUDAN\u00c7A DE PADR\u00c3O RELIGA\u00c7\u00c3O REVIS\u00c3O DE CONTA PARCELAMENTO DE D\u00c9BITOS ALTERA\u00c7\u00c3O CADASTRAL TARIFAS PERGUNTAS FREQUENTES<\/p>\n","protected":false},"author":1,"featured_media":0,"parent":0,"menu_order":0,"comment_status":"closed","ping_status":"closed","template":"","meta":{"footnotes":""},"class_list":["post-165","page","type-page","status-publish","hentry"],"_links":{"self":[{"href":"https:\/\/saaenep.com.br\/new\/index.php\/wp-json\/wp\/v2\/pages\/165","targetHints":{"allow":["GET"]}}],"collection":[{"href":"https:\/\/saaenep.com.br\/new\/index.php\/wp-json\/wp\/v2\/pages"}],"about":[{"href":"https:\/\/saaenep.com.br\/new\/index.php\/wp-json\/wp\/v2\/types\/page"}],"author":[{"embeddable":true,"href":"https:\/\/saaenep.com.br\/new\/index.php\/wp-json\/wp\/v2\/users\/1"}],"replies":[{"embeddable":true,"href":"https:\/\/saaenep.com.br\/new\/index.php\/wp-json\/wp\/v2\/comments?post=165"}],"version-history":[{"count":13,"href":"https:\/\/saaenep.com.br\/new\/index.php\/wp-json\/wp\/v2\/pages\/165\/revisions"}],"predecessor-version":[{"id":913,"href":"https:\/\/saaenep.com.br\/new\/index.php\/wp-json\/wp\/v2\/pages\/165\/revisions\/913"}],"wp:attachment":[{"href":"https:\/\/saaenep.com.br\/new\/index.php\/wp-json\/wp\/v2\/media?parent=165"}],"curies":[{"name":"wp","href":"https:\/\/api.w.org\/{rel}","templated":true}]}}