{"id":143,"date":"2021-04-04T16:48:12","date_gmt":"2021-04-04T19:48:12","guid":{"rendered":"http:\/\/saaenep.com.br\/new\/?page_id=143"},"modified":"2021-04-30T11:41:31","modified_gmt":"2021-04-30T14:41:31","slug":"intranet","status":"publish","type":"page","link":"https:\/\/saaenep.com.br\/new\/index.php\/intranet\/","title":{"rendered":"Intranet"},"content":{"rendered":"\n<p class=\"has-text-align-center\" style=\"font-size:20px\">Acesso reservado somente aos servidores do Servi\u00e7o Aut\u00f4nomo de \u00c1gua e Esgoto de Nepomuceno<\/p>\n\n\n\n<div style=\"height:50px\" aria-hidden=\"true\" class=\"wp-block-spacer\"><\/div>\n\n\n\n<div class=\"wp-block-buttons is-content-justification-center is-layout-flex wp-block-buttons-is-layout-flex\">\n<div class=\"wp-block-button is-style-outline is-style-outline--1\"><a class=\"wp-block-button__link\" href=\"http:\/\/saaenep.com.br\/new\/wp-admin\/\" target=\"_blank\" rel=\"noreferrer noopener\">&#8211; ACESSO RESTRITO &#8211;<\/a><\/div>\n\n\n\n<div class=\"wp-block-button is-style-outline is-style-outline--2\"><a class=\"wp-block-button__link\" href=\"http:\/\/autoatendimento.prosanearinfo.com.br\/v5.0\/index.php?id=F9LQLX\" target=\"_blank\" rel=\"noreferrer noopener\">&#8211; AG\u00caNCIA VIRTUAL &#8211;<\/a><\/div>\n\n\n\n<div class=\"wp-block-button is-style-outline is-style-outline--3\"><a class=\"wp-block-button__link\" href=\"http:\/\/mgfportaldatransparencia.azurewebsites.net\/Intranet\/Login\" target=\"_blank\" rel=\"noreferrer noopener\"> &#8211; CONTRACHEQUE &#8211;<\/a><\/div>\n\n\n\n<div class=\"wp-block-button is-style-outline is-style-outline--4\"><a class=\"wp-block-button__link\" href=\"http:\/\/webmail.saaenep.com.br\/\" target=\"_blank\" rel=\"noreferrer noopener\">&#8211; WEB MAILS &#8211;<\/a><\/div>\n\n\n\n<div class=\"wp-block-button is-style-outline is-style-outline--5\"><a class=\"wp-block-button__link\" href=\"https:\/\/painel.kinghost.com.br\/login.php?uri=\/index.php\" target=\"_blank\" rel=\"noreferrer noopener\">&#8211; PAINEL CLIENTE &#8211;<\/a><\/div>\n<\/div>\n\n\n\n<div style=\"height:50px\" aria-hidden=\"true\" class=\"wp-block-spacer\"><\/div>\n\n\n\n<p><\/p>\n","protected":false},"excerpt":{"rendered":"<p>Acesso reservado somente aos servidores do Servi\u00e7o Aut\u00f4nomo de \u00c1gua e Esgoto de Nepomuceno<\/p>\n","protected":false},"author":1,"featured_media":0,"parent":0,"menu_order":0,"comment_status":"closed","ping_status":"closed","template":"","meta":{"footnotes":""},"class_list":["post-143","page","type-page","status-publish","hentry"],"_links":{"self":[{"href":"https:\/\/saaenep.com.br\/new\/index.php\/wp-json\/wp\/v2\/pages\/143","targetHints":{"allow":["GET"]}}],"collection":[{"href":"https:\/\/saaenep.com.br\/new\/index.php\/wp-json\/wp\/v2\/pages"}],"about":[{"href":"https:\/\/saaenep.com.br\/new\/index.php\/wp-json\/wp\/v2\/types\/page"}],"author":[{"embeddable":true,"href":"https:\/\/saaenep.com.br\/new\/index.php\/wp-json\/wp\/v2\/users\/1"}],"replies":[{"embeddable":true,"href":"https:\/\/saaenep.com.br\/new\/index.php\/wp-json\/wp\/v2\/comments?post=143"}],"version-history":[{"count":51,"href":"https:\/\/saaenep.com.br\/new\/index.php\/wp-json\/wp\/v2\/pages\/143\/revisions"}],"predecessor-version":[{"id":1096,"href":"https:\/\/saaenep.com.br\/new\/index.php\/wp-json\/wp\/v2\/pages\/143\/revisions\/1096"}],"wp:attachment":[{"href":"https:\/\/saaenep.com.br\/new\/index.php\/wp-json\/wp\/v2\/media?parent=143"}],"curies":[{"name":"wp","href":"https:\/\/api.w.org\/{rel}","templated":true}]}}